{"id":54,"date":"2025-07-21T18:23:30","date_gmt":"2025-07-21T18:23:30","guid":{"rendered":"https:\/\/pep.iwwwo.com.br\/?page_id=54"},"modified":"2025-07-25T15:00:57","modified_gmt":"2025-07-25T15:00:57","slug":"direito-civil","status":"publish","type":"page","link":"https:\/\/pep.iwwwo.com.br\/?page_id=54","title":{"rendered":"Direito Civil"},"content":{"rendered":"<p>O Direito Civil \u00e9 o ramo do direito que regula as rela\u00e7\u00f5es jur\u00eddicas entre pessoas, tanto f\u00edsicas quanto jur\u00eddicas, no dia a dia. Ele trata de temas como contratos, obriga\u00e7\u00f5es, responsabilidade civil (indeniza\u00e7\u00f5es), bens, e direitos da personalidade. \u00c9 uma base essencial para a vida em sociedade.<\/p>\n<p>Atuamos na an\u00e1lise de contratos e na formaliza\u00e7\u00e3o de acordos judiciais e extrajudiciais, garantindo seguran\u00e7a e\u00a0 equil\u00edbrio nas rela\u00e7\u00f5es. Tamb\u00e9m representamos clientes em a\u00e7\u00f5es de evic\u00e7\u00e3o, embargos de terceiro, danos morais, materiais e patrimoniais, dentre outras, assegurando a defesa de seus direitos e a repara\u00e7\u00e3o de preju\u00edzos.<\/p>\n<div style=\"text-align:center;margin-top:30px;\">| <a href=\"https:\/\/pep.iwwwo.com.br\/?page_id=54\"><strong>Direito Civil<\/strong><\/a> | <a href=\"https:\/\/pep.iwwwo.com.br\/?page_id=58\"><strong>Direito do Consumidor<\/strong><\/a> | <a href=\"https:\/\/pep.iwwwo.com.br\/?page_id=56\"><strong>Direito de Fam\u00edlia e Sucess\u00f5es<\/strong><\/a> | <a href=\"https:\/\/pep.iwwwo.com.br\/?page_id=60\"><strong>Direito Imobili\u00e1rio<\/strong><\/a> |<\/div>\n","protected":false},"excerpt":{"rendered":"<p>O Direito Civil \u00e9 o ramo do direito que regula as rela\u00e7\u00f5es jur\u00eddicas entre pessoas, tanto f\u00edsicas quanto jur\u00eddicas, no dia a dia. Ele trata de temas como contratos, obriga\u00e7\u00f5es, responsabilidade civil (indeniza\u00e7\u00f5es), bens, e direitos da personalidade. \u00c9 uma base essencial para a vida em sociedade. Atuamos na an\u00e1lise de contratos e na formaliza\u00e7\u00e3o de acordos judiciais e extrajudiciais, garantindo seguran\u00e7a e\u00a0 equil\u00edbrio nas rela\u00e7\u00f5es. Tamb\u00e9m representamos clientes em a\u00e7\u00f5es de evic\u00e7\u00e3o, embargos de terceiro, danos morais, materiais e patrimoniais, dentre outras, assegurando a defesa de seus direitos e a repara\u00e7\u00e3o de preju\u00edzos. | Direito Civil | Direito do Consumidor | Direito de Fam\u00edlia e Sucess\u00f5es | Direito Imobili\u00e1rio |<\/p>\n","protected":false},"author":1,"featured_media":0,"parent":0,"menu_order":0,"comment_status":"closed","ping_status":"closed","template":"","meta":{"footnotes":""},"class_list":["post-54","page","type-page","status-publish"],"_links":{"self":[{"href":"https:\/\/pep.iwwwo.com.br\/index.php?rest_route=\/wp\/v2\/pages\/54","targetHints":{"allow":["GET"]}}],"collection":[{"href":"https:\/\/pep.iwwwo.com.br\/index.php?rest_route=\/wp\/v2\/pages"}],"about":[{"href":"https:\/\/pep.iwwwo.com.br\/index.php?rest_route=\/wp\/v2\/types\/page"}],"author":[{"embeddable":true,"href":"https:\/\/pep.iwwwo.com.br\/index.php?rest_route=\/wp\/v2\/users\/1"}],"replies":[{"embeddable":true,"href":"https:\/\/pep.iwwwo.com.br\/index.php?rest_route=%2Fwp%2Fv2%2Fcomments&post=54"}],"version-history":[{"count":19,"href":"https:\/\/pep.iwwwo.com.br\/index.php?rest_route=\/wp\/v2\/pages\/54\/revisions"}],"predecessor-version":[{"id":181,"href":"https:\/\/pep.iwwwo.com.br\/index.php?rest_route=\/wp\/v2\/pages\/54\/revisions\/181"}],"wp:attachment":[{"href":"https:\/\/pep.iwwwo.com.br\/index.php?rest_route=%2Fwp%2Fv2%2Fmedia&parent=54"}],"curies":[{"name":"wp","href":"https:\/\/api.w.org\/{rel}","templated":true}]}}