{"id":56,"date":"2025-07-21T18:25:53","date_gmt":"2025-07-21T18:25:53","guid":{"rendered":"https:\/\/pep.iwwwo.com.br\/?page_id=56"},"modified":"2025-07-25T15:01:32","modified_gmt":"2025-07-25T15:01:32","slug":"direito-de-familia-e-sucessoes","status":"publish","type":"page","link":"https:\/\/pep.iwwwo.com.br\/?page_id=56","title":{"rendered":"Direito de Fam\u00edlia e Sucess\u00f5es"},"content":{"rendered":"<p>O Direito de Fam\u00edlia e Sucess\u00f5es regula as rela\u00e7\u00f5es familiares e suas consequ\u00eancias jur\u00eddicas. Engloba div\u00f3rcio, guarda de filhos, pens\u00e3o aliment\u00edcia, uni\u00e3o est\u00e1vel, partilha de bens, ado\u00e7\u00e3o e planejamento sucess\u00f3rio. Visa proteger os v\u00ednculos familiares com equil\u00edbrio, sensibilidade e seguran\u00e7a legal.<\/p>\n<p>Atuamos na prote\u00e7\u00e3o dos direitos e interesses das fam\u00edlias, oferecendo suporte jur\u00eddico em div\u00f3rcios, guarda e regulamenta\u00e7\u00e3o de visitas, pens\u00e3o aliment\u00edcia, partilha de bens, uni\u00e3o est\u00e1vel, invent\u00e1rios e testamentos. Nossa abordagem \u00e9 sens\u00edvel e estrat\u00e9gica, buscando solu\u00e7\u00f5es que garantam seguran\u00e7a e bem-estar aos nossos clientes.<\/p>\n<div style=\"text-align:center;margin-top:30px;\">| <a href=\"https:\/\/pep.iwwwo.com.br\/?page_id=54\"><strong>Direito Civil<\/strong><\/a> | <a href=\"https:\/\/pep.iwwwo.com.br\/?page_id=58\"><strong>Direito do Consumidor<\/strong><\/a> | <a href=\"https:\/\/pep.iwwwo.com.br\/?page_id=56\"><strong>Direito de Fam\u00edlia e Sucess\u00f5es<\/strong><\/a> | <a href=\"https:\/\/pep.iwwwo.com.br\/?page_id=60\"><strong>Direito Imobili\u00e1rio<\/strong><\/a> |<\/div>\n","protected":false},"excerpt":{"rendered":"<p>O Direito de Fam\u00edlia e Sucess\u00f5es regula as rela\u00e7\u00f5es familiares e suas consequ\u00eancias jur\u00eddicas. Engloba div\u00f3rcio, guarda de filhos, pens\u00e3o aliment\u00edcia, uni\u00e3o est\u00e1vel, partilha de bens, ado\u00e7\u00e3o e planejamento sucess\u00f3rio. Visa proteger os v\u00ednculos familiares com equil\u00edbrio, sensibilidade e seguran\u00e7a legal. Atuamos na prote\u00e7\u00e3o dos direitos e interesses das fam\u00edlias, oferecendo suporte jur\u00eddico em div\u00f3rcios, guarda e regulamenta\u00e7\u00e3o de visitas, pens\u00e3o aliment\u00edcia, partilha de bens, uni\u00e3o est\u00e1vel, invent\u00e1rios e testamentos. Nossa abordagem \u00e9 sens\u00edvel e estrat\u00e9gica, buscando solu\u00e7\u00f5es que garantam seguran\u00e7a e bem-estar aos nossos clientes. | Direito Civil | Direito do Consumidor | Direito de Fam\u00edlia e Sucess\u00f5es | Direito Imobili\u00e1rio |<\/p>\n","protected":false},"author":1,"featured_media":0,"parent":0,"menu_order":0,"comment_status":"closed","ping_status":"closed","template":"","meta":{"footnotes":""},"class_list":["post-56","page","type-page","status-publish"],"_links":{"self":[{"href":"https:\/\/pep.iwwwo.com.br\/index.php?rest_route=\/wp\/v2\/pages\/56","targetHints":{"allow":["GET"]}}],"collection":[{"href":"https:\/\/pep.iwwwo.com.br\/index.php?rest_route=\/wp\/v2\/pages"}],"about":[{"href":"https:\/\/pep.iwwwo.com.br\/index.php?rest_route=\/wp\/v2\/types\/page"}],"author":[{"embeddable":true,"href":"https:\/\/pep.iwwwo.com.br\/index.php?rest_route=\/wp\/v2\/users\/1"}],"replies":[{"embeddable":true,"href":"https:\/\/pep.iwwwo.com.br\/index.php?rest_route=%2Fwp%2Fv2%2Fcomments&post=56"}],"version-history":[{"count":14,"href":"https:\/\/pep.iwwwo.com.br\/index.php?rest_route=\/wp\/v2\/pages\/56\/revisions"}],"predecessor-version":[{"id":182,"href":"https:\/\/pep.iwwwo.com.br\/index.php?rest_route=\/wp\/v2\/pages\/56\/revisions\/182"}],"wp:attachment":[{"href":"https:\/\/pep.iwwwo.com.br\/index.php?rest_route=%2Fwp%2Fv2%2Fmedia&parent=56"}],"curies":[{"name":"wp","href":"https:\/\/api.w.org\/{rel}","templated":true}]}}