{"id":58,"date":"2025-07-21T18:26:44","date_gmt":"2025-07-21T18:26:44","guid":{"rendered":"https:\/\/pep.iwwwo.com.br\/?page_id=58"},"modified":"2025-07-25T15:01:46","modified_gmt":"2025-07-25T15:01:46","slug":"direito-do-consumidor","status":"publish","type":"page","link":"https:\/\/pep.iwwwo.com.br\/?page_id=58","title":{"rendered":"Direito do Consumidor"},"content":{"rendered":"<p>Esse ramo protege os direitos do consumidor nas rela\u00e7\u00f5es de consumo. Trata de pr\u00e1ticas abusivas, cobran\u00e7as indevidas, v\u00edcios de produtos e servi\u00e7os, cl\u00e1usulas contratuais ilegais, e outras situa\u00e7\u00f5es em que o consumidor \u00e9 vulner\u00e1vel. \u00c9 regido principalmente pelo C\u00f3digo de Defesa do Consumidor (CDC).<\/p>\n<p>Defendemos os direitos dos consumidores em casos de cobran\u00e7as indevidas, fraudes, contratos abusivos, negativa\u00e7\u00f5es indevidas e problemas com produtos e servi\u00e7os. Atuamos na resolu\u00e7\u00e3o de conflitos com fornecedores, tanto na esfera administrativa quanto judicial, sempre visando a repara\u00e7\u00e3o dos danos sofridos.<\/p>\n<div style=\"text-align:center;margin-top:30px;\">| <a href=\"https:\/\/pep.iwwwo.com.br\/?page_id=54\"><strong>Direito Civil<\/strong><\/a> | <a href=\"https:\/\/pep.iwwwo.com.br\/?page_id=58\"><strong>Direito do Consumidor<\/strong><\/a> | <a href=\"https:\/\/pep.iwwwo.com.br\/?page_id=56\"><strong>Direito de Fam\u00edlia e Sucess\u00f5es<\/strong><\/a> | <a href=\"https:\/\/pep.iwwwo.com.br\/?page_id=60\"><strong>Direito Imobili\u00e1rio<\/strong><\/a> |<\/div>\n","protected":false},"excerpt":{"rendered":"<p>Esse ramo protege os direitos do consumidor nas rela\u00e7\u00f5es de consumo. Trata de pr\u00e1ticas abusivas, cobran\u00e7as indevidas, v\u00edcios de produtos e servi\u00e7os, cl\u00e1usulas contratuais ilegais, e outras situa\u00e7\u00f5es em que o consumidor \u00e9 vulner\u00e1vel. \u00c9 regido principalmente pelo C\u00f3digo de Defesa do Consumidor (CDC). Defendemos os direitos dos consumidores em casos de cobran\u00e7as indevidas, fraudes, contratos abusivos, negativa\u00e7\u00f5es indevidas e problemas com produtos e servi\u00e7os. Atuamos na resolu\u00e7\u00e3o de conflitos com fornecedores, tanto na esfera administrativa quanto judicial, sempre visando a repara\u00e7\u00e3o dos danos sofridos. | Direito Civil | Direito do Consumidor | Direito de Fam\u00edlia e Sucess\u00f5es | Direito Imobili\u00e1rio |<\/p>\n","protected":false},"author":1,"featured_media":0,"parent":0,"menu_order":0,"comment_status":"closed","ping_status":"closed","template":"","meta":{"footnotes":""},"class_list":["post-58","page","type-page","status-publish"],"_links":{"self":[{"href":"https:\/\/pep.iwwwo.com.br\/index.php?rest_route=\/wp\/v2\/pages\/58","targetHints":{"allow":["GET"]}}],"collection":[{"href":"https:\/\/pep.iwwwo.com.br\/index.php?rest_route=\/wp\/v2\/pages"}],"about":[{"href":"https:\/\/pep.iwwwo.com.br\/index.php?rest_route=\/wp\/v2\/types\/page"}],"author":[{"embeddable":true,"href":"https:\/\/pep.iwwwo.com.br\/index.php?rest_route=\/wp\/v2\/users\/1"}],"replies":[{"embeddable":true,"href":"https:\/\/pep.iwwwo.com.br\/index.php?rest_route=%2Fwp%2Fv2%2Fcomments&post=58"}],"version-history":[{"count":6,"href":"https:\/\/pep.iwwwo.com.br\/index.php?rest_route=\/wp\/v2\/pages\/58\/revisions"}],"predecessor-version":[{"id":183,"href":"https:\/\/pep.iwwwo.com.br\/index.php?rest_route=\/wp\/v2\/pages\/58\/revisions\/183"}],"wp:attachment":[{"href":"https:\/\/pep.iwwwo.com.br\/index.php?rest_route=%2Fwp%2Fv2%2Fmedia&parent=58"}],"curies":[{"name":"wp","href":"https:\/\/api.w.org\/{rel}","templated":true}]}}