{"id":60,"date":"2025-07-21T18:27:29","date_gmt":"2025-07-21T18:27:29","guid":{"rendered":"https:\/\/pep.iwwwo.com.br\/?page_id=60"},"modified":"2025-07-25T15:01:59","modified_gmt":"2025-07-25T15:01:59","slug":"direito-imobiliario","status":"publish","type":"page","link":"https:\/\/pep.iwwwo.com.br\/?page_id=60","title":{"rendered":"Direito Imobili\u00e1rio"},"content":{"rendered":"<p>O Direito Imobili\u00e1rio cuida das quest\u00f5es legais envolvendo bens im\u00f3veis. Isso inclui compra e venda de im\u00f3veis, contratos de loca\u00e7\u00e3o, usucapi\u00e3o, regulariza\u00e7\u00e3o de propriedade, financiamentos e disputas sobre posse ou propriedade. Garante seguran\u00e7a jur\u00eddica nas transa\u00e7\u00f5es imobili\u00e1rias.<\/p>\n<p>Prestamos assessoria completa em quest\u00f5es imobili\u00e1rias, como compra e venda de im\u00f3veis, contratos de loca\u00e7\u00e3o, despejo, imiss\u00e3o na posse e disputas condominiais. Nosso trabalho \u00e9 garantir seguran\u00e7a jur\u00eddica em todas as transa\u00e7\u00f5es e prevenir lit\u00edgios, protegendo o patrim\u00f4nio de nossos clientes.<\/p>\n<div style=\"text-align:center;margin-top:30px;\">| <a href=\"https:\/\/pep.iwwwo.com.br\/?page_id=54\"><strong>Direito Civil<\/strong><\/a> | <a href=\"https:\/\/pep.iwwwo.com.br\/?page_id=58\"><strong>Direito do Consumidor<\/strong><\/a> | <a href=\"https:\/\/pep.iwwwo.com.br\/?page_id=56\"><strong>Direito de Fam\u00edlia e Sucess\u00f5es<\/strong><\/a> | <a href=\"https:\/\/pep.iwwwo.com.br\/?page_id=60\"><strong>Direito Imobili\u00e1rio<\/strong><\/a> |<\/div>\n","protected":false},"excerpt":{"rendered":"<p>O Direito Imobili\u00e1rio cuida das quest\u00f5es legais envolvendo bens im\u00f3veis. Isso inclui compra e venda de im\u00f3veis, contratos de loca\u00e7\u00e3o, usucapi\u00e3o, regulariza\u00e7\u00e3o de propriedade, financiamentos e disputas sobre posse ou propriedade. Garante seguran\u00e7a jur\u00eddica nas transa\u00e7\u00f5es imobili\u00e1rias. Prestamos assessoria completa em quest\u00f5es imobili\u00e1rias, como compra e venda de im\u00f3veis, contratos de loca\u00e7\u00e3o, despejo, imiss\u00e3o na posse e disputas condominiais. Nosso trabalho \u00e9 garantir seguran\u00e7a jur\u00eddica em todas as transa\u00e7\u00f5es e prevenir lit\u00edgios, protegendo o patrim\u00f4nio de nossos clientes. | Direito Civil | Direito do Consumidor | Direito de Fam\u00edlia e Sucess\u00f5es | Direito Imobili\u00e1rio |<\/p>\n","protected":false},"author":1,"featured_media":0,"parent":0,"menu_order":0,"comment_status":"closed","ping_status":"closed","template":"","meta":{"footnotes":""},"class_list":["post-60","page","type-page","status-publish"],"_links":{"self":[{"href":"https:\/\/pep.iwwwo.com.br\/index.php?rest_route=\/wp\/v2\/pages\/60","targetHints":{"allow":["GET"]}}],"collection":[{"href":"https:\/\/pep.iwwwo.com.br\/index.php?rest_route=\/wp\/v2\/pages"}],"about":[{"href":"https:\/\/pep.iwwwo.com.br\/index.php?rest_route=\/wp\/v2\/types\/page"}],"author":[{"embeddable":true,"href":"https:\/\/pep.iwwwo.com.br\/index.php?rest_route=\/wp\/v2\/users\/1"}],"replies":[{"embeddable":true,"href":"https:\/\/pep.iwwwo.com.br\/index.php?rest_route=%2Fwp%2Fv2%2Fcomments&post=60"}],"version-history":[{"count":4,"href":"https:\/\/pep.iwwwo.com.br\/index.php?rest_route=\/wp\/v2\/pages\/60\/revisions"}],"predecessor-version":[{"id":184,"href":"https:\/\/pep.iwwwo.com.br\/index.php?rest_route=\/wp\/v2\/pages\/60\/revisions\/184"}],"wp:attachment":[{"href":"https:\/\/pep.iwwwo.com.br\/index.php?rest_route=%2Fwp%2Fv2%2Fmedia&parent=60"}],"curies":[{"name":"wp","href":"https:\/\/api.w.org\/{rel}","templated":true}]}}